{"id":2818,"date":"2018-03-17T20:29:27","date_gmt":"2018-03-17T18:29:27","guid":{"rendered":"https:\/\/studiostrandvagen.fi\/passikuva\/"},"modified":"2025-09-19T16:41:36","modified_gmt":"2025-09-19T13:41:36","slug":"passikuva","status":"publish","type":"page","link":"https:\/\/studiostrandvagen.fi\/fi\/passikuva\/","title":{"rendered":"Passikuva"},"content":{"rendered":"<p>[et_pb_section fb_built=&#8221;1&#8243; _builder_version=&#8221;4.25.0&#8243; _module_preset=&#8221;default&#8221; custom_padding=&#8221;||4px|||&#8221; da_disable_devices=&#8221;off|off|off&#8221; global_colors_info=&#8221;{}&#8221; da_is_popup=&#8221;off&#8221; da_exit_intent=&#8221;off&#8221; da_has_close=&#8221;on&#8221; da_alt_close=&#8221;off&#8221; da_dark_close=&#8221;off&#8221; da_not_modal=&#8221;on&#8221; da_is_singular=&#8221;off&#8221; da_with_loader=&#8221;off&#8221; da_has_shadow=&#8221;on&#8221;][et_pb_row _builder_version=&#8221;4.25.0&#8243; _module_preset=&#8221;default&#8221; custom_padding=&#8221;||6px|||&#8221; global_colors_info=&#8221;{}&#8221;][et_pb_column type=&#8221;4_4&#8243; _builder_version=&#8221;4.25.0&#8243; _module_preset=&#8221;default&#8221; global_colors_info=&#8221;{}&#8221;][et_pb_text _builder_version=&#8221;4.25.0&#8243; _module_preset=&#8221;default&#8221; custom_margin=&#8221;||-1px|||&#8221; global_colors_info=&#8221;{}&#8221;]<\/p>\n<h3 style=\"text-align: center;\"><strong>Aukioloaikamme voivat vaihdella, mutta ajanvaraus on taattu, kun teet varauksen.<\/strong><\/h3>\n<p>[\/et_pb_text][et_pb_text _builder_version=&#8221;4.25.0&#8243; _module_preset=&#8221;default&#8221; global_colors_info=&#8221;{}&#8221;]<\/p>\n<h4 style=\"text-align: center;\">Online varauksen kautta voit varata ajan jo kello 8.00 l\u00e4htien<\/h4>\n<p>[\/et_pb_text][\/et_pb_column][\/et_pb_row][et_pb_row admin_label=&#8221;row&#8221; _builder_version=&#8221;4.21.0&#8243; background_size=&#8221;initial&#8221; background_position=&#8221;top_left&#8221; background_repeat=&#8221;repeat&#8221; custom_margin=&#8221;-3px|auto|-1px|auto||&#8221; global_colors_info=&#8221;{}&#8221;][et_pb_column type=&#8221;4_4&#8243; _builder_version=&#8221;4.16&#8243; custom_padding=&#8221;|||&#8221; global_colors_info=&#8221;{}&#8221; custom_padding__hover=&#8221;|||&#8221;][et_pb_text admin_label=&#8221;Text&#8221; _builder_version=&#8221;4.16&#8243; background_size=&#8221;initial&#8221; background_position=&#8221;top_left&#8221; background_repeat=&#8221;repeat&#8221; custom_margin=&#8221;-3px|||||&#8221; global_colors_info=&#8221;{}&#8221;]<\/p>\n<p>&nbsp;<\/p>\n<div class=\"wp-block-columns\">\n<div class=\"wp-block-column\">\n<p>Varaa t\u00e4st\u00e4 aika s\u00e4hk\u00f6ist\u00e4 passi- ja henkil\u00f6korttikuvaa varten sek\u00e4 paperikuva viisumia ja ajokorttia varten tai passikuva johonkin muuhun k\u00e4ytt\u00f6\u00f6n, <strong>12t ennen<\/strong> toivottua aikaa. Otamme vastaan varauksia <strong>maanantaiksi<\/strong> ja <strong>torstaiksi<\/strong> varausj\u00e4rjestelm\u00e4n kautta. <\/p>\n<p>S\u00e4hk\u00f6inen passi- ja hekil\u00f6korttikuva:<br \/>\u2013 hinta 20\u20ac<br \/>4kpl paperikuvaa +10\u20ac<\/p>\n<p>Paikka on rantatie 10 (yhteinen ulko-ovi Terapiakulman kanssa) Ajanvaraus on sitova ja varatun ajan peruuttaminen tulee tehd\u00e4 viimeist\u00e4\u00e4n yksi vuorokausi ennen varattua aikaa s\u00e4hk\u00f6postitse tai puhelimitse. Varaamme oikeuden laskuttaa my\u00f6hemmin peruutetusta tai kokonaan peruuttamattomasta ajasta.<\/p>\n<p>&nbsp;<\/p>\n<\/div>\n<p>&nbsp;<\/p>\n<p>&nbsp;<\/p>\n<\/div>\n<p>[\/et_pb_text][\/et_pb_column][\/et_pb_row][\/et_pb_section][et_pb_section fb_built=&#8221;1&#8243; disabled_on=&#8221;on|on|on&#8221; admin_label=&#8221;Section&#8221; _builder_version=&#8221;4.25.0&#8243; _module_preset=&#8221;default&#8221; background_color=&#8221;#E09900&#8243; use_background_color_gradient=&#8221;on&#8221; background_color_gradient_stops=&#8221;#e09900 0%|#f0b800 100%&#8221; custom_padding=&#8221;17px||5px|||&#8221; da_disable_devices=&#8221;off|off|off&#8221; disabled=&#8221;on&#8221; global_colors_info=&#8221;{}&#8221; da_is_popup=&#8221;off&#8221; da_exit_intent=&#8221;off&#8221; da_has_close=&#8221;on&#8221; da_alt_close=&#8221;off&#8221; da_dark_close=&#8221;off&#8221; da_not_modal=&#8221;on&#8221; da_is_singular=&#8221;off&#8221; da_with_loader=&#8221;off&#8221; da_has_shadow=&#8221;on&#8221;][et_pb_row _builder_version=&#8221;4.25.0&#8243; _module_preset=&#8221;default&#8221; global_colors_info=&#8221;{}&#8221;][et_pb_column type=&#8221;4_4&#8243; _builder_version=&#8221;4.25.0&#8243; _module_preset=&#8221;default&#8221; global_colors_info=&#8221;{}&#8221;][et_pb_text _builder_version=&#8221;4.25.0&#8243; _module_preset=&#8221;default&#8221; text_text_color=&#8221;#FFFFFF&#8221; text_font_size=&#8221;17px&#8221; global_colors_info=&#8221;{}&#8221;]<\/p>\n<h4 style=\"text-align: center;\"><span style=\"color: #ffffff;\"><strong>Onlinevraus on lomalla juhannuksen j\u00e4lkeen.<\/strong><\/span><\/h4>\n<h4 style=\"text-align: center;\"><strong><span style=\"color: #ffffff;\">Voit varata ajan nomraalisti 17.6.asti,<\/span><br \/><\/strong><span style=\"color: #ffffff;\">juhannuksen j\u00e4lkeen voit tulla passikuvalle ilman ajanvarausta aukioloaikoina.<\/span><\/h4>\n<p>[\/et_pb_text][\/et_pb_column][\/et_pb_row][\/et_pb_section][et_pb_section fb_built=&#8221;1&#8243; admin_label=&#8221;section&#8221; _builder_version=&#8221;4.16&#8243; custom_padding=&#8221;20px||14px|||&#8221; da_disable_devices=&#8221;off|off|off&#8221; global_colors_info=&#8221;{}&#8221; da_is_popup=&#8221;off&#8221; da_exit_intent=&#8221;off&#8221; da_has_close=&#8221;on&#8221; da_alt_close=&#8221;off&#8221; da_dark_close=&#8221;off&#8221; da_not_modal=&#8221;on&#8221; da_is_singular=&#8221;off&#8221; da_with_loader=&#8221;off&#8221; da_has_shadow=&#8221;on&#8221;][et_pb_row _builder_version=&#8221;4.21.0&#8243; _module_preset=&#8221;default&#8221; global_colors_info=&#8221;{}&#8221;][et_pb_column type=&#8221;4_4&#8243; _builder_version=&#8221;4.21.0&#8243; _module_preset=&#8221;default&#8221; global_colors_info=&#8221;{}&#8221;][et_pb_code _builder_version=&#8221;4.25.0&#8243; _module_preset=&#8221;default&#8221; custom_css_free_form=&#8221;.monthName{font-weight: 900;font-size: 2em !important;}&#8221; global_colors_info=&#8221;{}&#8221;]<script type=\"text\/javascript\">\n    (function (win, fn) {\n        var done = false, top = true,\n            doc = win.document,\n            root = doc.documentElement,\n            modern = doc.addEventListener,\n            add = modern ? 'addEventListener' : 'attachEvent',\n            rem = modern ? 'removeEventListener' : 'detachEvent',\n            pre = modern ? '' : 'on',\n            init = function (e) {\n                if (e.type == 'readystatechange') if (doc.readyState != 'complete') return;\n                (e.type == 'load' ? win : doc)[rem](pre + e.type, init, false);\n                if (!done) {\n                    done = true;\n                    fn.call(win, e.type || e);\n                }\n            },\n            poll = function () {\n                try {\n                    root.doScroll('left');\n                } catch (e) {\n                    setTimeout(poll, 50);\n                    return;\n                }\n                init('poll');\n            };\n        if (doc.readyState == 'complete') fn.call(win, 'lazy');\n        else {\n            if (!modern) if (root.doScroll) {\n                try {\n                    top = !win.frameElement;\n                } catch (e) {\n                }\n                if (top) poll();\n            }\n            doc[add](pre + 'DOMContentLoaded', init, false);\n            doc[add](pre + 'readystatechange', init, false);\n            win[add](pre + 'load', init, false);\n        }\n    })(window, function () {\n        window.BooklyServicesForm.showForm(\"bookly-services-form-my-form\", \"bookly-services-form-my-form-69f223830ce49\", {\"main_color\":\"#F4662F\",\"service_card_width\":200,\"service_header_height\":0,\"staff_card_width\":260,\"hide_borders\":false,\"show_book_more\":true,\"show_qr_code\":true,\"show_calendar\":true,\"show_services_filter\":false,\"show_staff_filter\":false,\"show_staff_rating\":false,\"show_timezone\":false,\"show_receipt_on_cart\":true,\"show_receipt_on_payment\":true,\"skip_cart_step\":false,\"use_cart_local_storage\":true,\"default_service\":null,\"default_staff\":\"1\",\"service_card_show_badge\":false,\"package_card_show_badge\":true,\"gift_card_show_badge\":true,\"services_fields_order\":[\"service\",\"duration\",\"price\",\"staff\"],\"services_fields_show\":[\"service\"],\"packages_fields_order\":[\"package\",\"service\",\"duration\",\"price\",\"staff\"],\"packages_fields_show\":[\"package\",\"service\",\"duration\",\"price\"],\"gift_cards_fields_order\":[\"title\",\"price\"],\"gift_cards_fields_show\":[\"title\",\"price\"],\"show_first_slot_only\":false,\"show_gift_cards\":true,\"show_add_to_calendar\":false,\"show_slot_info\":false,\"sell_services\":true,\"sell_gift_cards\":false,\"full_name_required\":true,\"first_name_required\":true,\"last_name_required\":true,\"email_required\":true,\"phone_required\":true,\"address_required\":false,\"birthday_required\":false,\"verify_credentials\":false,\"show_summary_service\":true,\"show_summary_staff\":false,\"show_summary_date\":true,\"show_summary_price\":false,\"show_blocked_slots\":false,\"show_change_date\":false,\"initial_view\":\"form\",\"hidden_services\":[],\"hidden_gift_cards\":[],\"details_fields_order\":[\"text\",\"full_name\",\"email\",\"phone\",\"first_name\",\"last_name\",\"address\",\"notes\",\"birthday\",\"terms\",\"custom_fields\",\"google_maps\"],\"details_fields_width\":{\"text\":12,\"full_name\":12,\"first_name\":6,\"last_name\":6,\"email\":6,\"phone\":6,\"google_maps\":12,\"address\":12,\"notes\":12,\"birthday\":12,\"terms\":12,\"custom_fields\":{\"17635\":12,\"46788\":12,\"47343\":12,\"92275\":12}},\"details_fields_show\":[\"text\",\"email\",\"phone\",\"custom_fields\",\"full_name\"],\"cards_display_mode\":\"with_slots\",\"available_dates\":\"with_slots\",\"show_services_mode\":\"no_any\",\"address\":{\"order\":[\"country\",\"state\",\"postcode\",\"city\",\"street\",\"street_number\",\"additional_address\"],\"show\":[\"country\",\"state\",\"postcode\",\"city\",\"street\",\"street_number\",\"additional_address\"],\"labels\":{\"country\":\"Land\",\"state\":\"State\\\/Region\",\"postcode\":\"Postal Code\",\"city\":\"City\",\"street\":\"Street Address\",\"street_number\":\"Street Number\",\"additional_address\":\"Additional Address\"}},\"l10n\":{\"steps\":{\"calendar\":\"Start\",\"extras\":\"Extramaterial\",\"slots\":\"Tid\",\"cart\":\"Vagn\",\"details\":\"Info\",\"payment\":\"Betalning\",\"done\":\"Finish\"},\"steps_descriptions\":{\"calendar\":\"V\\u00e4lj tj\\u00e4nst:\",\"extras\":\"Add extras\",\"slots\":\"Select time slot\",\"cart\":\"Check cart\",\"details\":\"Your information\",\"payment\":\"Make purchase\",\"done\":\"Klar\"},\"address_label\":\"Adress\",\"address_placeholders\":{\"country\":\"Maa\",\"state\":\"State\\\/Region\",\"postcode\":\"Postal Code\",\"city\":\"City\",\"street\":\"Street Address\",\"street_number\":\"Street Number\",\"additional_address\":\"Additional Address\"},\"notes\":\"Jos useampi henkil\\u00f6, t\\u00e4yt\\u00e4 my\\u00f6s muiden etunimet , nimien v\\u00e4liss\\u00e4\",\"birthday\":\"Birthday\",\"staff\":\"Medarbetare\",\"any_staff\":\"F\\u00f6rsta lediga\",\"service\":\"Palvelu\",\"gift_card\":\"Gift card\",\"gift_card_title\":\"Gift card\",\"date\":\"P\\u00e4iv\\u00e4m\\u00e4\\u00e4r\\u00e4\",\"time\":\"Tid\",\"price\":\"Pris\",\"next\":\"N\\u00e4sta\",\"back\":\"Takaisin\",\"select_service\":\"V\\u00e4lj tj\\u00e4nst:\",\"select_staff\":\"F\\u00f6rsta lediga\",\"book_now\":\"Varaa\",\"buy_now\":\"Buy now\",\"book_more\":\"Varaa useampi aika\",\"close\":\"Sulje\",\"full_name\":\"Etu- ja sukunimi\",\"full_name_error_required\":\"Obligatoriskt\",\"first_name\":\"Henkil\\u00f6iden m\\u00e4\\u00e4r\\u00e4\",\"first_name_error_required\":\"Obligatoriskt\",\"last_name\":\"Last name\",\"last_name_error_required\":\"Obligatoriskt\",\"email\":\"S\\u00e4hk\\u00f6posti\",\"email_error_required\":\"Obligatoriskt\",\"phone\":\"Mobiltelefon\",\"phone_error_required\":\"Obligatoriskt\",\"address_field_required\":\"Obligatoriskt\",\"birthday_error_required\":\"Obligatoriskt\",\"no_slots\":\"No time slots available\",\"slot_not_available\":\"Slot already booked\",\"no_results\":\"No results found\",\"nop\":\"Antal personer\",\"booking_success\":\"Kiitos varauksesta,\",\"booking_error\":\"Oops!\",\"booking_completed\":\"Tervetuloa!\",\"order_id\":\"Your order number\",\"gift_card_booking_completed\":\"Your gift card has been created.\",\"processing\":\"Your payment has been accepted for processing.\",\"group_skip_payment\":\"Payment has been skipped.\",\"payment_impossible\":\"No payment methods available. Please contact service provider.\",\"appointments_limit_reached\":\"You are trying to use the service too often. Please contact us to make a booking.\",\"terms_text\":\"I agree to the terms of service\",\"text_calendar\":\"Valitse palvelu\",\"text_extras\":\"Select the Extras you'd like (Multiple Selection)\",\"text_slots\":\"Valitse ajankohta\",\"text_details\":\"T\\u00e4yt\\u00e4 yhteystietosi\",\"text_payment\":\"Please tell us how you would like to pay\",\"gift_card_label\":\"Gift card\",\"gift_card_button\":\"Utf\\u00f6r\",\"gift_card_text\":\"Your gift card code if you have one\",\"gift_card_expired\":\"This gift card has expired\",\"gift_card_invalid\":\"This gift card cannot be used for the current order\",\"gift_card_low_balance\":\"Gift card balance is not enough\",\"gift_card_not_found\":\"Gift card not found\",\"timezone\":\"Your time zone\",\"select_city\":\"Select city\",\"add_to_calendar\":\"Add to calendar\",\"total\":\"Totalt\",\"sub_total\":\"Delsumma\",\"discount\":\"Discount\",\"to_pay\":\"Amount to pay\",\"verify_code\":\"Verification code\",\"verify_email\":\"Enter verification code from email\",\"verify_phone\":\"Enter verification code from SMS\",\"verify_resend\":\"Resend code\",\"verify_apply\":\"Utf\\u00f6r\",\"verify_code_incorrect\":\"Incorrect verification code\",\"cart_item_not_available\":\"The selected time is not available anymore\",\"initial_view_button_title\":\"View\",\"categories\":\"Categories\",\"text_categories\":\"Please select a category\",\"text_services\":\"Valitse palvelu\",\"more\":\"+%d more\",\"payment_system_local\":\"Jag kommer att betala p\\u00e5 plats\"},\"type\":\"services-form\",\"category_card_width\":260,\"category_header_height\":120,\"category_body_height\":240,\"step_service_card_width\":260,\"step_service_card_header_height\":201,\"step_service_card_body_height\":158,\"categories_list\":[\"1\"],\"services_list\":null,\"skip_categories_step\":true,\"skip_services_step\":true,\"staff_any\":false,\"name\":\"Passfoto\",\"categories_any\":false,\"custom_css\":\"\",\"token\":\"my-form\"});\n    });\n    var ajaxurl = \"https:\/\/studiostrandvagen.fi\/wp-admin\/admin-ajax.php?lang=fi\";\n<\/script>\n<style>\n    .bookly-services-form-my-form-69f223830ce49 {\n        --bookly-color: #F4662F;\n    }\n\n    :root {\n        --bookly-flags-url: url(https:\/\/studiostrandvagen.fi\/wp-content\/plugins\/bookly-responsive-appointment-booking-tool\/frontend\/resources\/images\/flags.png);\n        --bookly-flags2x-url: url(https:\/\/studiostrandvagen.fi\/wp-content\/plugins\/bookly-responsive-appointment-booking-tool\/frontend\/resources\/images\/flags@2x.png);\n        --rtl-phone-align: left;\n    }\n<\/style>\n<div id=\"bookly-services-form-my-form-69f223830ce49\" class=\"bookly-services-form-container bookly-services-form-my-form-69f223830ce49\"><\/div>[\/et_pb_code][\/et_pb_column][\/et_pb_row][\/et_pb_section]<\/p>\n","protected":false},"excerpt":{"rendered":"<p>Aukioloaikamme voivat vaihdella, mutta ajanvaraus on taattu, kun teet varauksen.Online varauksen kautta voit varata ajan jo kello 8.00 l\u00e4htien&nbsp; Varaa t\u00e4st\u00e4 aika s\u00e4hk\u00f6ist\u00e4 passi- ja henkil\u00f6korttikuvaa varten sek\u00e4 paperikuva viisumia ja ajokorttia varten tai passikuva johonkin muuhun k\u00e4ytt\u00f6\u00f6n, 12t ennen toivottua aikaa. Otamme vastaan varauksia maanantaiksi ja torstaiksi varausj\u00e4rjestelm\u00e4n kautta. S\u00e4hk\u00f6inen passi- ja hekil\u00f6korttikuva:\u2013 hinta [&hellip;]<\/p>\n","protected":false},"author":1,"featured_media":0,"parent":0,"menu_order":0,"comment_status":"closed","ping_status":"closed","template":"","meta":{"_et_pb_use_builder":"on","_et_pb_old_content":"","_et_gb_content_width":"","inline_featured_image":false,"footnotes":""},"class_list":["post-2818","page","type-page","status-publish","hentry"],"_links":{"self":[{"href":"https:\/\/studiostrandvagen.fi\/fi\/wp-json\/wp\/v2\/pages\/2818","targetHints":{"allow":["GET"]}}],"collection":[{"href":"https:\/\/studiostrandvagen.fi\/fi\/wp-json\/wp\/v2\/pages"}],"about":[{"href":"https:\/\/studiostrandvagen.fi\/fi\/wp-json\/wp\/v2\/types\/page"}],"author":[{"embeddable":true,"href":"https:\/\/studiostrandvagen.fi\/fi\/wp-json\/wp\/v2\/users\/1"}],"replies":[{"embeddable":true,"href":"https:\/\/studiostrandvagen.fi\/fi\/wp-json\/wp\/v2\/comments?post=2818"}],"version-history":[{"count":29,"href":"https:\/\/studiostrandvagen.fi\/fi\/wp-json\/wp\/v2\/pages\/2818\/revisions"}],"predecessor-version":[{"id":4315,"href":"https:\/\/studiostrandvagen.fi\/fi\/wp-json\/wp\/v2\/pages\/2818\/revisions\/4315"}],"wp:attachment":[{"href":"https:\/\/studiostrandvagen.fi\/fi\/wp-json\/wp\/v2\/media?parent=2818"}],"curies":[{"name":"wp","href":"https:\/\/api.w.org\/{rel}","templated":true}]}}