{"id":2851,"date":"2018-03-06T20:41:45","date_gmt":"2018-03-06T18:41:45","guid":{"rendered":"https:\/\/studiostrandvagen.fi\/studio\/"},"modified":"2024-08-11T22:14:07","modified_gmt":"2024-08-11T19:14:07","slug":"studio","status":"publish","type":"page","link":"https:\/\/studiostrandvagen.fi\/fi\/studio\/","title":{"rendered":"Studio"},"content":{"rendered":"\n<div class=\"wp-block-columns is-layout-flex wp-container-core-columns-is-layout-1 wp-block-columns-is-layout-flex\">\n<div class=\"wp-block-column is-layout-flow wp-block-column-is-layout-flow\">\n<p>Studio Strandv\u00e4gen on Paraisten keskustassa sijaitseva valokuvastudio. Tarjoamme sinulle ainutlaatuisen kokemuksen ja muiston kuvalle. Kaikki kuvat ovat otettu studiossa, jos ulkona paistaa aurinko niin me voimme tehd\u00e4 sadetta, tai p\u00e4invastoin. Olemme luovia ja haluamme haasteita jossa sinun visio ja meid\u00e4n osaaminen yhdistyy.<\/p>\n\n\n\n<p>Palveluihimme kuuluu mm. muotokuvat, lapsi- ja perhekuvaukset, muotikuvat, ylioppilas- ja valmistujaiskuvat, rippikuvat, h\u00e4\u00e4kuva ym. Palvelemme my\u00f6s yrityksi\u00e4 henkil\u00f6- , mainos ja tuotekuvilla. Kerro ideasi niin me toteutamme sen!<\/p>\n<\/div>\n<\/div>\n\n<div class=\"wp-block-columns is-layout-flex wp-container-core-columns-is-layout-2 wp-block-columns-is-layout-flex\">\n<div class=\"wp-block-column is-layout-flow wp-block-column-is-layout-flow\" style=\"flex-basis:33.33%\">\n<figure class=\"wp-block-image size-large\"><img loading=\"lazy\" decoding=\"async\" width=\"819\" height=\"1024\" src=\"https:\/\/studiostrandvagen.fi\/wp-content\/uploads\/2018\/03\/HZP_StudioS_hopp_002_WEB-819x1024.jpg\" alt=\"\" class=\"wp-image-102\" srcset=\"https:\/\/studiostrandvagen.fi\/wp-content\/uploads\/2018\/03\/HZP_StudioS_hopp_002_WEB-819x1024.jpg 819w, https:\/\/studiostrandvagen.fi\/wp-content\/uploads\/2018\/03\/HZP_StudioS_hopp_002_WEB-240x300.jpg 240w, https:\/\/studiostrandvagen.fi\/wp-content\/uploads\/2018\/03\/HZP_StudioS_hopp_002_WEB-768x960.jpg 768w, https:\/\/studiostrandvagen.fi\/wp-content\/uploads\/2018\/03\/HZP_StudioS_hopp_002_WEB-1200x1500.jpg 1200w, https:\/\/studiostrandvagen.fi\/wp-content\/uploads\/2018\/03\/HZP_StudioS_hopp_002_WEB-600x750.jpg 600w, https:\/\/studiostrandvagen.fi\/wp-content\/uploads\/2018\/03\/HZP_StudioS_hopp_002_WEB.jpg 1638w\" sizes=\"auto, (max-width: 819px) 100vw, 819px\" \/><\/figure>\n<\/div>\n\n\n\n<div class=\"wp-block-column is-layout-flow wp-block-column-is-layout-flow\" style=\"flex-basis:66.66%\">\n<p><strong>Lasse Andersson<\/strong><br\/>Lasse on toiminut yritt\u00e4j\u00e4n\u00e4 Henrik Zoom nimisell\u00e4 yrityksell\u00e4\u00e4n reilut 10 vuotta. H\u00e4nen ty\u00f6ns\u00e4 on enimm\u00e4kseen mainoskuva suunnattu mik\u00e4 n\u00e4kyy kuvissa. Lasse haluaa yhdist\u00e4\u00e4 t\u00e4m\u00e4n osaamisen yksityisiss\u00e4 muotokuvissa ja tuoda sinussa uusi puoli esiin.<\/p>\n<\/div>\n<\/div>\n","protected":false},"excerpt":{"rendered":"<p>Studio Strandv\u00e4gen on Paraisten keskustassa sijaitseva valokuvastudio. Tarjoamme sinulle ainutlaatuisen kokemuksen ja muiston kuvalle. Kaikki kuvat ovat otettu studiossa, jos ulkona paistaa aurinko niin me voimme tehd\u00e4 sadetta, tai p\u00e4invastoin. Olemme luovia ja haluamme haasteita jossa sinun visio ja meid\u00e4n osaaminen yhdistyy. Palveluihimme kuuluu mm. muotokuvat, lapsi- ja perhekuvaukset, muotikuvat, ylioppilas- ja valmistujaiskuvat, rippikuvat, h\u00e4\u00e4kuva [&hellip;]<\/p>\n","protected":false},"author":1,"featured_media":0,"parent":0,"menu_order":0,"comment_status":"closed","ping_status":"closed","template":"","meta":{"_et_pb_use_builder":"","_et_pb_old_content":"","_et_gb_content_width":"","inline_featured_image":false,"footnotes":""},"class_list":["post-2851","page","type-page","status-publish","hentry"],"_links":{"self":[{"href":"https:\/\/studiostrandvagen.fi\/fi\/wp-json\/wp\/v2\/pages\/2851","targetHints":{"allow":["GET"]}}],"collection":[{"href":"https:\/\/studiostrandvagen.fi\/fi\/wp-json\/wp\/v2\/pages"}],"about":[{"href":"https:\/\/studiostrandvagen.fi\/fi\/wp-json\/wp\/v2\/types\/page"}],"author":[{"embeddable":true,"href":"https:\/\/studiostrandvagen.fi\/fi\/wp-json\/wp\/v2\/users\/1"}],"replies":[{"embeddable":true,"href":"https:\/\/studiostrandvagen.fi\/fi\/wp-json\/wp\/v2\/comments?post=2851"}],"version-history":[{"count":3,"href":"https:\/\/studiostrandvagen.fi\/fi\/wp-json\/wp\/v2\/pages\/2851\/revisions"}],"predecessor-version":[{"id":3719,"href":"https:\/\/studiostrandvagen.fi\/fi\/wp-json\/wp\/v2\/pages\/2851\/revisions\/3719"}],"wp:attachment":[{"href":"https:\/\/studiostrandvagen.fi\/fi\/wp-json\/wp\/v2\/media?parent=2851"}],"curies":[{"name":"wp","href":"https:\/\/api.w.org\/{rel}","templated":true}]}}