{"id":3519,"date":"2024-04-23T22:22:29","date_gmt":"2024-04-23T19:22:29","guid":{"rendered":"https:\/\/studiostrandvagen.fi\/paivakodit-ja-koulut\/"},"modified":"2025-11-13T13:24:51","modified_gmt":"2025-11-13T11:24:51","slug":"paivakodit-ja-koulut","status":"publish","type":"page","link":"https:\/\/studiostrandvagen.fi\/fi\/paivakodit-ja-koulut\/","title":{"rendered":"P\u00e4iv\u00e4kodit ja koulut"},"content":{"rendered":"<p>[et_pb_section fb_built=&#8221;1&#8243; _builder_version=&#8221;4.25.0&#8243; _module_preset=&#8221;default&#8221; da_disable_devices=&#8221;off|off|off&#8221; global_colors_info=&#8221;{}&#8221; da_is_popup=&#8221;off&#8221; da_exit_intent=&#8221;off&#8221; da_has_close=&#8221;on&#8221; da_alt_close=&#8221;off&#8221; da_dark_close=&#8221;off&#8221; da_not_modal=&#8221;on&#8221; da_is_singular=&#8221;off&#8221; da_with_loader=&#8221;off&#8221; da_has_shadow=&#8221;on&#8221;][et_pb_row _builder_version=&#8221;4.25.0&#8243; _module_preset=&#8221;default&#8221; background_image=&#8221;https:\/\/studiostrandvagen.fi\/wp-content\/uploads\/2024\/04\/StudioS_Skolfoto-reklambild-02-copy.jpg&#8221; background_position=&#8221;top_center&#8221; width=&#8221;100%&#8221; max_width=&#8221;100%&#8221; module_alignment=&#8221;center&#8221; min_height=&#8221;400px&#8221; custom_padding=&#8221;6%||||false|false&#8221; scroll_vertical_motion=&#8221;0|100|100|100|4|0|-4&#8243; motion_trigger_start=&#8221;top&#8221; global_colors_info=&#8221;{}&#8221;][et_pb_column type=&#8221;4_4&#8243; _builder_version=&#8221;4.25.0&#8243; _module_preset=&#8221;default&#8221; global_colors_info=&#8221;{}&#8221;][et_pb_text _builder_version=&#8221;4.25.0&#8243; _module_preset=&#8221;default&#8221; text_text_color=&#8221;#FFFFFF&#8221; text_font_size=&#8221;24px&#8221; text_line_height=&#8221;3em&#8221; header_text_color=&#8221;#FFFFFF&#8221; header_font_size=&#8221;60px&#8221; text_orientation=&#8221;center&#8221; width=&#8221;100%&#8221; module_alignment=&#8221;center&#8221; custom_padding=&#8221;||||false|false&#8221; text_text_shadow_style=&#8221;preset3&#8243; text_text_shadow_color=&#8221;#000000&#8243; global_colors_info=&#8221;{}&#8221;]<\/p>\n<h1 style=\"text-align: center;\">Valokuvaus p\u00e4iv\u00e4kodeissa ja kouluissa<\/h1>\n<p style=\"text-align: center;\">Studio Strandv\u00e4gen on paikallinen p\u00e4iv\u00e4koti- ja koulukuvauksen asiantuntija!<\/p>\n<p>[\/et_pb_text][\/et_pb_column][\/et_pb_row][et_pb_row _builder_version=&#8221;4.25.0&#8243; _module_preset=&#8221;default&#8221; global_colors_info=&#8221;{}&#8221;][et_pb_column type=&#8221;4_4&#8243; _builder_version=&#8221;4.25.0&#8243; _module_preset=&#8221;default&#8221; global_colors_info=&#8221;{}&#8221;][et_pb_text _builder_version=&#8221;4.25.0&#8243; _module_preset=&#8221;default&#8221; global_colors_info=&#8221;{}&#8221;]<\/p>\n<p>Meill\u00e4 on usean vuoden kokemus valokuvausalalta, ja voimme ylpein\u00e4 tarjota ammattimaisen ja henkil\u00f6kohtaisen valokuvauskokemuksen. Intohimomme on luoda rento ja hauska ymp\u00e4rist\u00f6, joka tekee meist\u00e4 niin lasten kuin henkil\u00f6kunnankin suosikin. Pyrimme vangitsemaan aidot hymyt ja ilmeet, jotka tekev\u00e4t jokaisesta kuvasta ikimuistoisen ja erityisen.<\/p>\n<p>Paikallisena yrityksen\u00e4 olemme sitoutuneet tukemaan yhteis\u00f6\u00e4mme ja rakentamaan pitk\u00e4aikaisia suhteita asiakkaisiimme. Olemme t\u00e4\u00e4ll\u00e4 tarjoamassa henkil\u00f6kohtaista palvelua, joka vastaa tarpeitasi ja toiveitasi, joka kerta.<\/p>\n<p>Varaa siis Studio Strandv\u00e4gen hoitamaan p\u00e4iv\u00e4koti- ja koulukuvauksesi.<\/p>\n<p>&nbsp;<\/p>\n<p>[\/et_pb_text][\/et_pb_column][\/et_pb_row][et_pb_row column_structure=&#8221;3_5,2_5&#8243; _builder_version=&#8221;4.25.0&#8243; _module_preset=&#8221;default&#8221; global_colors_info=&#8221;{}&#8221;][et_pb_column type=&#8221;3_5&#8243; _builder_version=&#8221;4.25.0&#8243; _module_preset=&#8221;default&#8221; global_colors_info=&#8221;{}&#8221;][et_pb_text _builder_version=&#8221;4.25.0&#8243; _module_preset=&#8221;default&#8221; global_colors_info=&#8221;{}&#8221;]<\/p>\n<h3>POP-UP Valokuvaus studiossa<\/h3>\n<p>P\u00e4iv\u00e4kotikuvauksessa otetaan vain ryhm\u00e4kuvia ja yksil\u00f6lliset muotokuvat otetaan studiossa. T\u00e4m\u00e4 on j\u00e4rjestetty k\u00e4yt\u00e4nn\u00f6n syist\u00e4 sek\u00e4 p\u00e4iv\u00e4kodin toiminnan kannalta ja siksi ett\u00e4 jokaiselle lapselle j\u00e4\u00e4 enemm\u00e4n aikaa yksil\u00f6llisiin muotokuviin. Samalla voidaan ottaa my\u00f6s sisaruskuvia, vaikka vanhemmat lapset ovat jo koululaisia. Valokuvaus on ilmainen, maksat vain kuvatuotteista.<\/p>\n<p>[\/et_pb_text][et_pb_code _builder_version=&#8221;4.25.0&#8243; _module_preset=&#8221;default&#8221; global_colors_info=&#8221;{}&#8221;]<script type=\"text\/javascript\">\n    (function (win, fn) {\n        var done = false, top = true,\n            doc = win.document,\n            root = doc.documentElement,\n            modern = doc.addEventListener,\n            add = modern ? 'addEventListener' : 'attachEvent',\n            rem = modern ? 'removeEventListener' : 'detachEvent',\n            pre = modern ? '' : 'on',\n            init = function (e) {\n                if (e.type == 'readystatechange') if (doc.readyState != 'complete') return;\n                (e.type == 'load' ? win : doc)[rem](pre + e.type, init, false);\n                if (!done) {\n                    done = true;\n                    fn.call(win, e.type || e);\n                }\n            },\n            poll = function () {\n                try {\n                    root.doScroll('left');\n                } catch (e) {\n                    setTimeout(poll, 50);\n                    return;\n                }\n                init('poll');\n            };\n        if (doc.readyState == 'complete') fn.call(win, 'lazy');\n        else {\n            if (!modern) if (root.doScroll) {\n                try {\n                    top = !win.frameElement;\n                } catch (e) {\n                }\n                if (top) poll();\n            }\n            doc[add](pre + 'DOMContentLoaded', init, false);\n            doc[add](pre + 'readystatechange', init, false);\n            win[add](pre + 'load', init, false);\n        }\n    })(window, function () {\n        window.BooklySearchForm.showForm(\"bookly-search-form-dagis-skola\", \"bookly-search-form-dagis-skola-69f3af7805062\", {\"main_color\":\"#0061ff\",\"service_card_width\":226,\"service_header_height\":0,\"staff_card_width\":260,\"hide_borders\":false,\"show_book_more\":true,\"show_qr_code\":false,\"show_calendar\":true,\"show_services_filter\":false,\"show_staff_filter\":false,\"show_staff_rating\":false,\"show_timezone\":false,\"show_receipt_on_cart\":true,\"show_receipt_on_payment\":true,\"skip_cart_step\":false,\"use_cart_local_storage\":true,\"default_service\":\"8\",\"default_staff\":\"1\",\"service_card_show_badge\":false,\"package_card_show_badge\":true,\"gift_card_show_badge\":true,\"services_fields_order\":[\"service\",\"duration\",\"price\",\"staff\"],\"services_fields_show\":[\"service\"],\"packages_fields_order\":[\"package\",\"service\",\"duration\",\"price\",\"staff\"],\"packages_fields_show\":[\"package\",\"service\",\"duration\",\"price\"],\"gift_cards_fields_order\":[\"title\",\"price\"],\"gift_cards_fields_show\":[\"title\",\"price\"],\"show_first_slot_only\":false,\"show_gift_cards\":true,\"show_add_to_calendar\":false,\"show_slot_info\":false,\"sell_services\":true,\"sell_gift_cards\":false,\"full_name_required\":true,\"first_name_required\":true,\"last_name_required\":true,\"email_required\":true,\"phone_required\":true,\"address_required\":false,\"birthday_required\":false,\"verify_credentials\":false,\"show_summary_service\":true,\"show_summary_staff\":false,\"show_summary_date\":true,\"show_summary_price\":false,\"show_blocked_slots\":false,\"show_change_date\":false,\"initial_view\":\"form\",\"hidden_services\":[],\"hidden_gift_cards\":[],\"details_fields_order\":[\"text\",\"full_name\",\"first_name\",\"last_name\",\"email\",\"phone\",\"address\",\"notes\",\"birthday\",\"custom_fields\",\"terms\",\"google_maps\"],\"details_fields_width\":{\"text\":12,\"full_name\":12,\"first_name\":6,\"last_name\":6,\"email\":6,\"phone\":6,\"google_maps\":12,\"address\":12,\"notes\":12,\"birthday\":12,\"terms\":12,\"custom_fields\":{\"17635\":12,\"46788\":12,\"47343\":12,\"92275\":12}},\"details_fields_show\":[\"text\",\"first_name\",\"last_name\",\"email\",\"phone\",\"notes\",\"address\"],\"cards_display_mode\":\"with_slots\",\"available_dates\":\"schedule\",\"show_services_mode\":\"all\",\"address\":{\"order\":[\"country\",\"state\",\"postcode\",\"city\",\"street\",\"street_number\",\"additional_address\"],\"show\":[\"additional_address\"],\"labels\":{\"country\":\"Land\",\"state\":\"State\\\/Region\",\"postcode\":\"Postal Code\",\"city\":\"City\",\"street\":\"Street Address\",\"street_number\":\"Street Number\",\"additional_address\":\"Additional Address\"}},\"l10n\":{\"steps\":{\"calendar\":\"Start\",\"extras\":\"Extramaterial\",\"slots\":\"Tid\",\"cart\":\"Vagn\",\"details\":\"Info\",\"payment\":\"Betalning\",\"done\":\"Finish\"},\"steps_descriptions\":{\"calendar\":\"V\\u00e4lj tj\\u00e4nst:\",\"extras\":\"Add extras\",\"slots\":\"Select time slot\",\"cart\":\"Check cart\",\"details\":\"Your information\",\"payment\":\"Make purchase\",\"done\":\"Klar\"},\"address_label\":\"Adress\",\"address_placeholders\":{\"country\":\"Koulu \\\/ P\\u00e4iv\\u00e4koti ?\",\"state\":\"State\\\/Region\",\"postcode\":\"Postal Code\",\"city\":\"City\",\"street\":\"Street Address\",\"street_number\":\"Street Number\",\"additional_address\":\"Miss\\u00e4 p\\u00e4iv\\u00e4kodissa ja ryhm\\u00e4ss\\u00e4 tai koulussa ja luokalla lapsi k\\u00e4y?\"},\"notes\":\"Lapsen\\\/Lasten nimet\",\"birthday\":\"Birthday\",\"staff\":\"Medarbetare\",\"any_staff\":\"F\\u00f6rsta lediga\",\"service\":\"Palvelu\",\"gift_card\":\"Gift card\",\"gift_card_title\":\"Gift card\",\"date\":\"P\\u00e4iv\\u00e4m\\u00e4\\u00e4r\\u00e4\",\"time\":\"Tid\",\"price\":\"Pris\",\"next\":\"N\\u00e4sta\",\"back\":\"Takaisin\",\"select_service\":\"V\\u00e4lj tj\\u00e4nst:\",\"select_staff\":\"F\\u00f6rsta lediga\",\"book_now\":\"Varaa\",\"buy_now\":\"Buy now\",\"book_more\":\"Varaa useampi aika\",\"close\":\"Sulje\",\"full_name\":\"Etu- ja sukunimi\",\"full_name_error_required\":\"Obligatoriskt\",\"first_name\":\"Etunimi\",\"first_name_error_required\":\"Obligatoriskt\",\"last_name\":\"Sukunimi\",\"last_name_error_required\":\"Obligatoriskt\",\"email\":\"S\\u00e4hk\\u00f6posti\",\"email_error_required\":\"Obligatoriskt\",\"phone\":\"Mobiltelefon\",\"phone_error_required\":\"Obligatoriskt\",\"address_field_required\":\"Obligatoriskt\",\"birthday_error_required\":\"Obligatoriskt\",\"no_slots\":\"Vapaita aikoja ei l\\u00f6ydy.\",\"slot_not_available\":\"Slot already booked\",\"no_results\":\"No results found\",\"nop\":\"Antal personer\",\"booking_success\":\"Kiitos varauksesta!\",\"booking_error\":\"Oops!\",\"booking_completed\":\"Odota yst\\u00e4v\\u00e4llisesti eteisess\\u00e4, jos valokuvaus on meneill\\u00e4\\u00e4n. Tervetuloa!\",\"order_id\":\"Your order number\",\"gift_card_booking_completed\":\"Your gift card has been created.\",\"processing\":\"Your payment has been accepted for processing.\",\"group_skip_payment\":\"Payment has been skipped.\",\"payment_impossible\":\"No payment methods available. Please contact service provider.\",\"appointments_limit_reached\":\"You are trying to use the service too often. Please contact us to make a booking.\",\"terms_text\":\"I agree to the terms of service\",\"text_calendar\":\"Valitse p\\u00e4iv\\u00e4 ja klikkaa eteenp\\u00e4in alla olevasta napista\",\"text_extras\":\"Select the Extras you'd like (Multiple Selection)\",\"text_slots\":\"Valitse ajankohta\",\"text_details\":\"T\\u00e4yt\\u00e4 yhteystietosi\",\"text_payment\":\"Please tell us how you would like to pay\",\"gift_card_label\":\"Gift card\",\"gift_card_button\":\"Utf\\u00f6r\",\"gift_card_text\":\"Your gift card code if you have one\",\"gift_card_expired\":\"This gift card has expired\",\"gift_card_invalid\":\"This gift card cannot be used for the current order\",\"gift_card_low_balance\":\"Gift card balance is not enough\",\"gift_card_not_found\":\"Gift card not found\",\"timezone\":\"Your time zone\",\"select_city\":\"Select city\",\"add_to_calendar\":\"Add to calendar\",\"total\":\"Totalt\",\"sub_total\":\"Delsumma\",\"discount\":\"Discount\",\"to_pay\":\"Amount to pay\",\"verify_code\":\"Verification code\",\"verify_email\":\"Enter verification code from email\",\"verify_phone\":\"Enter verification code from SMS\",\"verify_resend\":\"Resend code\",\"verify_apply\":\"Utf\\u00f6r\",\"verify_code_incorrect\":\"Incorrect verification code\",\"cart_item_not_available\":\"The selected time is not available anymore\",\"initial_view_button_title\":\"View\",\"payment_system_local\":\"Jag kommer att betala p\\u00e5 plats\"},\"type\":\"search-form\",\"categories_any\":false,\"services_any\":false,\"staff_any\":false,\"events_any\":false,\"name\":\"Dagis-skola\",\"show_stepper\":false,\"custom_css\":\"\",\"token\":\"dagis-skola\"});\n    });\n    var ajaxurl = \"https:\/\/studiostrandvagen.fi\/wp-admin\/admin-ajax.php?lang=fi\";\n<\/script>\n<style>\n    .bookly-search-form-dagis-skola-69f3af7805062 {\n        --bookly-color: #0061ff;\n    }\n\n    :root {\n        --bookly-flags-url: url(https:\/\/studiostrandvagen.fi\/wp-content\/plugins\/bookly-responsive-appointment-booking-tool\/frontend\/resources\/images\/flags.png);\n        --bookly-flags2x-url: url(https:\/\/studiostrandvagen.fi\/wp-content\/plugins\/bookly-responsive-appointment-booking-tool\/frontend\/resources\/images\/flags@2x.png);\n        --rtl-phone-align: left;\n    }\n<\/style>\n<div id=\"bookly-search-form-dagis-skola-69f3af7805062\" class=\"bookly-search-form-container\"><\/div>[\/et_pb_code][\/et_pb_column][et_pb_column type=&#8221;2_5&#8243; _builder_version=&#8221;4.25.0&#8243; _module_preset=&#8221;default&#8221; global_colors_info=&#8221;{}&#8221;][et_pb_image src=&#8221;https:\/\/studiostrandvagen.fi\/wp-content\/uploads\/2024\/04\/StudioS_Skolfoto-reklambild-web.jpg&#8221; title_text=&#8221;StudioS_Skolfoto-reklambild-web&#8221; _builder_version=&#8221;4.25.0&#8243; _module_preset=&#8221;default&#8221; global_colors_info=&#8221;{}&#8221;][\/et_pb_image][\/et_pb_column][\/et_pb_row][et_pb_row column_structure=&#8221;1_2,1_2&#8243; _builder_version=&#8221;4.25.0&#8243; _module_preset=&#8221;default&#8221; global_colors_info=&#8221;{}&#8221;][et_pb_column type=&#8221;1_2&#8243; _builder_version=&#8221;4.25.0&#8243; _module_preset=&#8221;default&#8221; global_colors_info=&#8221;{}&#8221;][et_pb_image src=&#8221;https:\/\/studiostrandvagen.fi\/wp-content\/uploads\/2024\/04\/StudioS_Skolfoto-reklambild-03-1.jpg&#8221; title_text=&#8221;StudioS_Skolfoto-reklambild-03&#8243; _builder_version=&#8221;4.25.0&#8243; _module_preset=&#8221;default&#8221; global_colors_info=&#8221;{}&#8221;][\/et_pb_image][\/et_pb_column][et_pb_column type=&#8221;1_2&#8243; _builder_version=&#8221;4.25.0&#8243; _module_preset=&#8221;default&#8221; global_colors_info=&#8221;{}&#8221;][et_pb_text _builder_version=&#8221;4.25.0&#8243; _module_preset=&#8221;default&#8221; hover_enabled=&#8221;0&#8243; global_colors_info=&#8221;{}&#8221; sticky_enabled=&#8221;0&#8243;]<\/p>\n<h3>Laaja valikoima valokuvatuotteita<\/h3>\n<p>Meill\u00e4 on valikoimassa useita erilaisia valokuvatuotteita, voit tilata kaiken helposti kuvagallerian kautta, johon sait kuvakoodin.<\/p>\n<p>Tuotteisiin kuuluu valokuvia eri kokoisina, canvas-tauluja, ChromaLuxe-tauluja, magneetteja, mukeja, tarroja, hiirimattoja, tekstiilej\u00e4 ja paljon muuta.<\/p>\n<p><strong><a href=\"https:\/\/studiostrandvagen.fi\/wp-content\/uploads\/2025\/11\/Studio-dagis-skola-pris.pdf\">Hinnasto<\/a><\/strong><\/p>\n<p>[\/et_pb_text][\/et_pb_column][\/et_pb_row][\/et_pb_section]<\/p>\n","protected":false},"excerpt":{"rendered":"<p>Valokuvaus p\u00e4iv\u00e4kodeissa ja kouluissa Studio Strandv\u00e4gen on paikallinen p\u00e4iv\u00e4koti- ja koulukuvauksen asiantuntija!Meill\u00e4 on usean vuoden kokemus valokuvausalalta, ja voimme ylpein\u00e4 tarjota ammattimaisen ja henkil\u00f6kohtaisen valokuvauskokemuksen. Intohimomme on luoda rento ja hauska ymp\u00e4rist\u00f6, joka tekee meist\u00e4 niin lasten kuin henkil\u00f6kunnankin suosikin. Pyrimme vangitsemaan aidot hymyt ja ilmeet, jotka tekev\u00e4t jokaisesta kuvasta ikimuistoisen ja erityisen. Paikallisena yrityksen\u00e4 [&hellip;]<\/p>\n","protected":false},"author":1,"featured_media":0,"parent":0,"menu_order":0,"comment_status":"closed","ping_status":"closed","template":"","meta":{"_et_pb_use_builder":"on","_et_pb_old_content":"","_et_gb_content_width":"","inline_featured_image":false,"footnotes":""},"class_list":["post-3519","page","type-page","status-publish","hentry"],"_links":{"self":[{"href":"https:\/\/studiostrandvagen.fi\/fi\/wp-json\/wp\/v2\/pages\/3519","targetHints":{"allow":["GET"]}}],"collection":[{"href":"https:\/\/studiostrandvagen.fi\/fi\/wp-json\/wp\/v2\/pages"}],"about":[{"href":"https:\/\/studiostrandvagen.fi\/fi\/wp-json\/wp\/v2\/types\/page"}],"author":[{"embeddable":true,"href":"https:\/\/studiostrandvagen.fi\/fi\/wp-json\/wp\/v2\/users\/1"}],"replies":[{"embeddable":true,"href":"https:\/\/studiostrandvagen.fi\/fi\/wp-json\/wp\/v2\/comments?post=3519"}],"version-history":[{"count":36,"href":"https:\/\/studiostrandvagen.fi\/fi\/wp-json\/wp\/v2\/pages\/3519\/revisions"}],"predecessor-version":[{"id":4333,"href":"https:\/\/studiostrandvagen.fi\/fi\/wp-json\/wp\/v2\/pages\/3519\/revisions\/4333"}],"wp:attachment":[{"href":"https:\/\/studiostrandvagen.fi\/fi\/wp-json\/wp\/v2\/media?parent=3519"}],"curies":[{"name":"wp","href":"https:\/\/api.w.org\/{rel}","templated":true}]}}